{"id":97,"date":"2020-11-21T09:31:14","date_gmt":"2020-11-21T08:31:14","guid":{"rendered":"https:\/\/waellethomas-voyance.com\/?page_id=97"},"modified":"2020-11-29T08:55:22","modified_gmt":"2020-11-29T07:55:22","slug":"voyant-sans-cb","status":"publish","type":"page","link":"https:\/\/waellethomas-voyance.com\/index.php\/voyant-sans-cb\/","title":{"rendered":"Voyant sans CB"},"content":{"rendered":"\n<p class=\"has-text-align-center\"><strong>Voyance &#8211; M\u00e9diumnit\u00e9 &#8211; Astrologie &#8211; Num\u00e9rologie &#8211; Cartomancie &#8211; Kibomancie &#8211;&nbsp;<\/strong><\/p>\n\n\n\n<p class=\"has-text-align-center\"><strong>Nos experts de la voyance sont disponible pour vous&nbsp;&#8230;<\/strong><\/p>\n\n\n\n<p class=\"has-text-align-center\"><strong>Au&nbsp;<a href=\"tel:0890100150\">0892 465 705&nbsp;<\/a><\/strong>(40 centimes seulement)<\/p>\n\n\n\n<p class=\"has-text-align-center\">Vous avez des doutes ? des questions ? un sujet qui vous tracasse vous souhaitez une r\u00e9ponse rapide pour savoir ce que vous r\u00e9serve votre avenir ..<\/p>\n\n\n\n<p class=\"has-text-align-center\">Nos voyants sont pr\u00e9sents 7\/7 sur notre site 24\/24H&nbsp;&nbsp;<\/p>\n\n\n\n<p class=\"has-text-align-center\">Int\u00e9grit\u00e9 ,respect et discr\u00e9tion du consultant sont les bases de nos voyants vous pouvez les consulter en toute confiance&nbsp;<\/p>\n\n\n\n<p class=\"has-text-align-center\">Chez nous pas forcing c&rsquo;est vous qui d\u00e9cidez du temps de votre consultation et du tarif&nbsp;<\/p>\n\n\n\n<p class=\"has-text-align-center\">Bonne consultation \u00e0 vous&nbsp;<\/p>\n\n\n\n<h2 class=\"has-text-align-center wp-block-heading\">Voyance sans CB 24h\/24 et 7J\/7<\/h2>\n\n\n\n<p class=\"has-text-align-center\"><strong>Nous mettons aussi \u00e0 votre disposition une \u00e9quipe de\u00a0voyants professionnels qu\u2019il\u00a0a s\u00e9lectionn\u00e9s pour vous. Ces voyants sont compl\u00e8tement ind\u00e9pendants du cabinet<\/strong>.<\/p>\n\n\n\n<iframe  frameborder=\"0\" id=\"frameCB\" style=\"border:0;width:100%;height:700px;overflow-x:hidden;filter: chroma(color=#ffffff);\"  scrolling=\"auto\" src=\"https:\/\/secure.ab-plus.com\/cabinetcb\/cabinetdialotel\/module-web\/index.php?suid=301377d6f91551c76bdeceb505896fd2d31b918e\"><\/iframe>\n","protected":false},"excerpt":{"rendered":"<p>Voyance &#8211; M\u00e9diumnit\u00e9 &#8211; Astrologie &#8211; Num\u00e9rologie &#8211; Cartomancie &#8211; Kibomancie &#8211;&nbsp; Nos experts de la voyance sont disponible pour vous&nbsp;&#8230; Au&nbsp;0892 465 705&nbsp;(40 centimes seulement) Vous avez des doutes ? des questions ? un sujet qui vous tracasse vous souhaitez une r\u00e9ponse rapide pour savoir ce que vous r\u00e9serve votre avenir .. Nos voyants sont pr\u00e9sents 7\/7 sur notre site 24\/24H&nbsp;&nbsp; Int\u00e9grit\u00e9 ,respect et discr\u00e9tion du consultant sont les bases de nos voyants vous pouvez les consulter en toute confiance&nbsp; Chez nous pas forcing c&rsquo;est vous qui d\u00e9cidez du temps de votre consultation et du tarif&nbsp; Bonne consultation \u00e0 vous&nbsp; Voyance sans CB 24h\/24 et 7J\/7 Nous mettons aussi \u00e0 votre disposition une \u00e9quipe de\u00a0voyants professionnels qu\u2019il\u00a0a s\u00e9lectionn\u00e9s pour vous. Ces voyants sont compl\u00e8tement ind\u00e9pendants du cabinet.<\/p>\n","protected":false},"author":1,"featured_media":0,"parent":0,"menu_order":0,"comment_status":"closed","ping_status":"closed","template":"page-templates\/full-width.php","meta":{"_price":"","_stock":"","_tribe_ticket_header":"","_tribe_default_ticket_provider":"","_tribe_ticket_capacity":"0","_ticket_start_date":"","_ticket_end_date":"","_tribe_ticket_show_description":"","_tribe_ticket_show_not_going":false,"_tribe_ticket_use_global_stock":"","_tribe_ticket_global_stock_level":"","_global_stock_mode":"","_global_stock_cap":"","_tribe_rsvp_for_event":"","_tribe_ticket_going_count":"","_tribe_ticket_not_going_count":"","_tribe_tickets_list":"[]","_tribe_ticket_has_attendee_info_fields":false,"footnotes":"","_tec_slr_enabled":"","_tec_slr_layout":""},"class_list":["post-97","page","type-page","status-publish","hentry"],"yoast_head":"<!-- This site is optimized with the Yoast SEO plugin v27.4 - https:\/\/yoast.com\/product\/yoast-seo-wordpress\/ -->\n<title>Voyant sans CB - Wa\u00eblle Thomas<\/title>\n<meta name=\"robots\" content=\"index, follow, max-snippet:-1, max-image-preview:large, max-video-preview:-1\" \/>\n<link rel=\"canonical\" href=\"https:\/\/waellethomas-voyance.com\/index.php\/voyant-sans-cb\/\" \/>\n<meta property=\"og:locale\" content=\"fr_FR\" \/>\n<meta property=\"og:type\" content=\"article\" \/>\n<meta property=\"og:title\" content=\"Voyant sans CB - Wa\u00eblle Thomas\" \/>\n<meta property=\"og:description\" content=\"Voyance &#8211; M\u00e9diumnit\u00e9 &#8211; Astrologie &#8211; Num\u00e9rologie &#8211; Cartomancie &#8211; Kibomancie &#8211;&nbsp; Nos experts de la voyance sont disponible pour vous&nbsp;&#8230; Au&nbsp;0892 465 705&nbsp;(40 centimes seulement) Vous avez des doutes ? des questions ? un sujet qui vous tracasse vous souhaitez une r\u00e9ponse rapide pour savoir ce que vous r\u00e9serve votre avenir .. Nos voyants sont pr\u00e9sents 7\/7 sur notre site 24\/24H&nbsp;&nbsp; Int\u00e9grit\u00e9 ,respect et discr\u00e9tion du consultant sont les bases de nos voyants vous pouvez les consulter en toute confiance&nbsp; Chez nous pas forcing c&rsquo;est vous qui d\u00e9cidez du temps de votre consultation et du tarif&nbsp; Bonne consultation \u00e0 vous&nbsp; Voyance sans CB 24h\/24 et 7J\/7 Nous mettons aussi \u00e0 votre disposition une \u00e9quipe de\u00a0voyants professionnels qu\u2019il\u00a0a s\u00e9lectionn\u00e9s pour vous. Ces voyants sont compl\u00e8tement ind\u00e9pendants du cabinet.\" \/>\n<meta property=\"og:url\" content=\"https:\/\/waellethomas-voyance.com\/index.php\/voyant-sans-cb\/\" \/>\n<meta property=\"og:site_name\" content=\"Wa\u00eblle Thomas\" \/>\n<meta property=\"article:modified_time\" content=\"2020-11-29T07:55:22+00:00\" \/>\n<meta name=\"twitter:card\" content=\"summary_large_image\" \/>\n<meta name=\"twitter:label1\" content=\"Dur\u00e9e de lecture estim\u00e9e\" \/>\n\t<meta name=\"twitter:data1\" content=\"1 minute\" \/>\n<script type=\"application\/ld+json\" class=\"yoast-schema-graph\">{\"@context\":\"https:\\\/\\\/schema.org\",\"@graph\":[{\"@type\":\"WebPage\",\"@id\":\"https:\\\/\\\/waellethomas-voyance.com\\\/index.php\\\/voyant-sans-cb\\\/\",\"url\":\"https:\\\/\\\/waellethomas-voyance.com\\\/index.php\\\/voyant-sans-cb\\\/\",\"name\":\"Voyant sans CB - Wa\u00eblle Thomas\",\"isPartOf\":{\"@id\":\"https:\\\/\\\/waellethomas-voyance.com\\\/#website\"},\"datePublished\":\"2020-11-21T08:31:14+00:00\",\"dateModified\":\"2020-11-29T07:55:22+00:00\",\"breadcrumb\":{\"@id\":\"https:\\\/\\\/waellethomas-voyance.com\\\/index.php\\\/voyant-sans-cb\\\/#breadcrumb\"},\"inLanguage\":\"fr-FR\",\"potentialAction\":[{\"@type\":\"ReadAction\",\"target\":[\"https:\\\/\\\/waellethomas-voyance.com\\\/index.php\\\/voyant-sans-cb\\\/\"]}]},{\"@type\":\"BreadcrumbList\",\"@id\":\"https:\\\/\\\/waellethomas-voyance.com\\\/index.php\\\/voyant-sans-cb\\\/#breadcrumb\",\"itemListElement\":[{\"@type\":\"ListItem\",\"position\":1,\"name\":\"Accueil\",\"item\":\"https:\\\/\\\/waellethomas-voyance.com\\\/\"},{\"@type\":\"ListItem\",\"position\":2,\"name\":\"Voyant sans CB\"}]},{\"@type\":\"WebSite\",\"@id\":\"https:\\\/\\\/waellethomas-voyance.com\\\/#website\",\"url\":\"https:\\\/\\\/waellethomas-voyance.com\\\/\",\"name\":\"Wa\u00eblle Thomas\",\"description\":\"voyance, m\u00e9dium, oracle, tarot\",\"potentialAction\":[{\"@type\":\"SearchAction\",\"target\":{\"@type\":\"EntryPoint\",\"urlTemplate\":\"https:\\\/\\\/waellethomas-voyance.com\\\/?s={search_term_string}\"},\"query-input\":{\"@type\":\"PropertyValueSpecification\",\"valueRequired\":true,\"valueName\":\"search_term_string\"}}],\"inLanguage\":\"fr-FR\"}]}<\/script>\n<!-- \/ Yoast SEO plugin. -->","yoast_head_json":{"title":"Voyant sans CB - Wa\u00eblle Thomas","robots":{"index":"index","follow":"follow","max-snippet":"max-snippet:-1","max-image-preview":"max-image-preview:large","max-video-preview":"max-video-preview:-1"},"canonical":"https:\/\/waellethomas-voyance.com\/index.php\/voyant-sans-cb\/","og_locale":"fr_FR","og_type":"article","og_title":"Voyant sans CB - Wa\u00eblle Thomas","og_description":"Voyance &#8211; M\u00e9diumnit\u00e9 &#8211; Astrologie &#8211; Num\u00e9rologie &#8211; Cartomancie &#8211; Kibomancie &#8211;&nbsp; Nos experts de la voyance sont disponible pour vous&nbsp;&#8230; Au&nbsp;0892 465 705&nbsp;(40 centimes seulement) Vous avez des doutes ? des questions ? un sujet qui vous tracasse vous souhaitez une r\u00e9ponse rapide pour savoir ce que vous r\u00e9serve votre avenir .. Nos voyants sont pr\u00e9sents 7\/7 sur notre site 24\/24H&nbsp;&nbsp; Int\u00e9grit\u00e9 ,respect et discr\u00e9tion du consultant sont les bases de nos voyants vous pouvez les consulter en toute confiance&nbsp; Chez nous pas forcing c&rsquo;est vous qui d\u00e9cidez du temps de votre consultation et du tarif&nbsp; Bonne consultation \u00e0 vous&nbsp; Voyance sans CB 24h\/24 et 7J\/7 Nous mettons aussi \u00e0 votre disposition une \u00e9quipe de\u00a0voyants professionnels qu\u2019il\u00a0a s\u00e9lectionn\u00e9s pour vous. Ces voyants sont compl\u00e8tement ind\u00e9pendants du cabinet.","og_url":"https:\/\/waellethomas-voyance.com\/index.php\/voyant-sans-cb\/","og_site_name":"Wa\u00eblle Thomas","article_modified_time":"2020-11-29T07:55:22+00:00","twitter_card":"summary_large_image","twitter_misc":{"Dur\u00e9e de lecture estim\u00e9e":"1 minute"},"schema":{"@context":"https:\/\/schema.org","@graph":[{"@type":"WebPage","@id":"https:\/\/waellethomas-voyance.com\/index.php\/voyant-sans-cb\/","url":"https:\/\/waellethomas-voyance.com\/index.php\/voyant-sans-cb\/","name":"Voyant sans CB - Wa\u00eblle Thomas","isPartOf":{"@id":"https:\/\/waellethomas-voyance.com\/#website"},"datePublished":"2020-11-21T08:31:14+00:00","dateModified":"2020-11-29T07:55:22+00:00","breadcrumb":{"@id":"https:\/\/waellethomas-voyance.com\/index.php\/voyant-sans-cb\/#breadcrumb"},"inLanguage":"fr-FR","potentialAction":[{"@type":"ReadAction","target":["https:\/\/waellethomas-voyance.com\/index.php\/voyant-sans-cb\/"]}]},{"@type":"BreadcrumbList","@id":"https:\/\/waellethomas-voyance.com\/index.php\/voyant-sans-cb\/#breadcrumb","itemListElement":[{"@type":"ListItem","position":1,"name":"Accueil","item":"https:\/\/waellethomas-voyance.com\/"},{"@type":"ListItem","position":2,"name":"Voyant sans CB"}]},{"@type":"WebSite","@id":"https:\/\/waellethomas-voyance.com\/#website","url":"https:\/\/waellethomas-voyance.com\/","name":"Wa\u00eblle Thomas","description":"voyance, m\u00e9dium, oracle, tarot","potentialAction":[{"@type":"SearchAction","target":{"@type":"EntryPoint","urlTemplate":"https:\/\/waellethomas-voyance.com\/?s={search_term_string}"},"query-input":{"@type":"PropertyValueSpecification","valueRequired":true,"valueName":"search_term_string"}}],"inLanguage":"fr-FR"}]}},"jetpack_sharing_enabled":true,"ticketed":false,"_links":{"self":[{"href":"https:\/\/waellethomas-voyance.com\/index.php\/wp-json\/wp\/v2\/pages\/97","targetHints":{"allow":["GET"]}}],"collection":[{"href":"https:\/\/waellethomas-voyance.com\/index.php\/wp-json\/wp\/v2\/pages"}],"about":[{"href":"https:\/\/waellethomas-voyance.com\/index.php\/wp-json\/wp\/v2\/types\/page"}],"author":[{"embeddable":true,"href":"https:\/\/waellethomas-voyance.com\/index.php\/wp-json\/wp\/v2\/users\/1"}],"replies":[{"embeddable":true,"href":"https:\/\/waellethomas-voyance.com\/index.php\/wp-json\/wp\/v2\/comments?post=97"}],"version-history":[{"count":5,"href":"https:\/\/waellethomas-voyance.com\/index.php\/wp-json\/wp\/v2\/pages\/97\/revisions"}],"predecessor-version":[{"id":178,"href":"https:\/\/waellethomas-voyance.com\/index.php\/wp-json\/wp\/v2\/pages\/97\/revisions\/178"}],"wp:attachment":[{"href":"https:\/\/waellethomas-voyance.com\/index.php\/wp-json\/wp\/v2\/media?parent=97"}],"curies":[{"name":"wp","href":"https:\/\/api.w.org\/{rel}","templated":true}]}}